{"id":17,"date":"2015-10-09T15:37:41","date_gmt":"2015-10-09T12:37:41","guid":{"rendered":"http:\/\/eml-info.com\/et\/?page_id=17"},"modified":"2019-08-05T15:38:24","modified_gmt":"2019-08-05T12:38:24","slug":"juhtimine","status":"publish","type":"page","link":"http:\/\/eml-info.com\/et\/juhtimine\/","title":{"rendered":"QA"},"content":{"rendered":"<p>EML Info CS O\u00dc kvaliteedipoliitika:<\/p>\n<ol>\n<li>Laevade elektri- ja raadionavigatsiooniseadmete hoolduse, \u00fclevaatuse, remondi ja paigaldamisega seotud teenuste v\u00f5imalikult laia valiku pakkumine vastavalt IMO ja SOLASe n\u00f5uetele, aga ka ettev\u00f5tte klientide n\u00f5udmistele ja ootustele<\/li>\n<\/ol>\n<ol start=\"2\">\n<li>Rahvusvahelise kvaliteedis\u00fcsteemi standardi ISO 9001: 2015 k\u00f5igile n\u00f5uetele vastavus, samuti kvaliteedijuhtimiss\u00fcsteemi toimimise ja t\u00f5hususe pidev parendamine sobivate vormide, dokumentide, protseduuride ja juhiste abil<\/li>\n<\/ol>\n","protected":false},"excerpt":{"rendered":"<p>EML Info CS O\u00dc kvaliteedipoliitika: Laevade elektri- ja raadionavigatsiooniseadmete hoolduse, \u00fclevaatuse, remondi ja paigaldamisega seotud teenuste v\u00f5imalikult laia valiku pakkumine vastavalt IMO ja SOLASe n\u00f5uetele, aga ka ettev\u00f5tte klientide n\u00f5udmistele ja ootustele Rahvusvahelise kvaliteedis\u00fcsteemi standardi ISO 9001: 2015 k\u00f5igile n\u00f5uetele vastavus, samuti kvaliteedijuhtimiss\u00fcsteemi toimimise ja t\u00f5hususe pidev parendamine sobivate vormide, dokumentide, protseduuride ja juhiste abil<\/p>\n","protected":false},"author":1,"featured_media":0,"parent":0,"menu_order":4,"comment_status":"closed","ping_status":"closed","template":"","meta":[],"_links":{"self":[{"href":"http:\/\/eml-info.com\/et\/wp-json\/wp\/v2\/pages\/17"}],"collection":[{"href":"http:\/\/eml-info.com\/et\/wp-json\/wp\/v2\/pages"}],"about":[{"href":"http:\/\/eml-info.com\/et\/wp-json\/wp\/v2\/types\/page"}],"author":[{"embeddable":true,"href":"http:\/\/eml-info.com\/et\/wp-json\/wp\/v2\/users\/1"}],"replies":[{"embeddable":true,"href":"http:\/\/eml-info.com\/et\/wp-json\/wp\/v2\/comments?post=17"}],"version-history":[{"count":2,"href":"http:\/\/eml-info.com\/et\/wp-json\/wp\/v2\/pages\/17\/revisions"}],"predecessor-version":[{"id":426,"href":"http:\/\/eml-info.com\/et\/wp-json\/wp\/v2\/pages\/17\/revisions\/426"}],"wp:attachment":[{"href":"http:\/\/eml-info.com\/et\/wp-json\/wp\/v2\/media?parent=17"}],"curies":[{"name":"wp","href":"https:\/\/api.w.org\/{rel}","templated":true}]}}