{"id":41,"date":"2015-10-09T16:16:43","date_gmt":"2015-10-09T13:16:43","guid":{"rendered":"http:\/\/eml-info.com\/et\/?page_id=41"},"modified":"2025-12-15T13:02:18","modified_gmt":"2025-12-15T11:02:18","slug":"price-list","status":"publish","type":"page","link":"http:\/\/eml-info.com\/et\/firmast\/price-list\/","title":{"rendered":"Hinnad"},"content":{"rendered":"<table class=\"standard_table\" style=\"width: 99.0476%;\" border=\"1\">\n<tbody>\n<tr>\n<td style=\"width: 437px;\" valign=\"top\">\n<div align=\"center\"><span style=\"color: #000000;\">T\u00f6\u00f6aeg<\/span><\/div>\n<div align=\"center\"><span style=\"color: #000000;\">(hinnad-EUR\/t)<\/span><\/div>\n<\/td>\n<td style=\"width: 395px;\" valign=\"top\">\n<div align=\"center\"><span style=\"color: #000000;\">Parandus\/ Paigaldus<\/span><\/div>\n<\/td>\n<\/tr>\n<tr>\n<td style=\"width: 437px;\" valign=\"top\">\n<div align=\"center\">09:00-17:00<\/div>\n<\/td>\n<td style=\"width: 395px;\" valign=\"top\">\n<div align=\"center\">80<\/div>\n<\/td>\n<\/tr>\n<tr>\n<td style=\"width: 437px;\" valign=\"top\">\n<div align=\"center\">17:00-09:00<\/div>\n<\/td>\n<td style=\"width: 395px;\" valign=\"top\">\n<div align=\"center\">120<\/div>\n<\/td>\n<\/tr>\n<tr>\n<td style=\"width: 437px;\" valign=\"top\">\n<div align=\"center\">Riigi p\u00fchap\u00e4evad ja n\u00e4dalavahetused<\/div>\n<\/td>\n<td style=\"width: 395px;\" valign=\"top\">\n<div align=\"center\">160<\/div>\n<\/td>\n<\/tr>\n<tr>\n<td style=\"width: 832px;\" colspan=\"2\" valign=\"top\">\n<div align=\"justify\">Juhtimine kokkuleppe p\u00f5hjal.<\/div>\n<\/td>\n<\/tr>\n<\/tbody>\n<\/table>\n<table class=\"standard_table\" style=\"width: 99.0476%;\" border=\"1\">\n<tbody>\n<tr>\n<td style=\"width: 522px;\" valign=\"top\">S\u00f5iduaeg (EUR\/h)<\/td>\n<td style=\"width: 310px;\" valign=\"top\">\n<div align=\"center\">20<\/div>\n<\/td>\n<\/tr>\n<tr>\n<td style=\"width: 522px;\" valign=\"top\">Kilometraa\u017e (EUR\/km)<\/td>\n<td style=\"width: 310px;\" valign=\"top\">\n<div align=\"center\">0,70<\/div>\n<\/td>\n<\/tr>\n<tr>\n<td style=\"width: 522px;\" valign=\"top\">L\u00e4hetusraha (EUR\/p\u00e4ev)<\/td>\n<td style=\"width: 310px;\" valign=\"top\">\n<div align=\"center\">75<\/div>\n<\/td>\n<\/tr>\n<tr>\n<td style=\"width: 832px;\" colspan=\"2\" valign=\"top\">Lisakulud (hotell, piletid, takso ja muud) laevaomaniku arvel.<\/td>\n<\/tr>\n<\/tbody>\n<\/table>\n<table class=\"standard_table\" border=\"1\">\n<tbody>\n<tr>\n<td colspan=\"2\" valign=\"top\">\n<div align=\"center\">Aasta leping (SBM)<\/div>\n<\/td>\n<\/tr>\n<tr>\n<td valign=\"top\">\n<div align=\"center\">Mereala \u04101<\/div>\n<\/td>\n<td valign=\"top\">\n<div align=\"center\">100 EUR<\/div>\n<\/td>\n<\/tr>\n<tr>\n<td valign=\"top\">\n<div align=\"center\">Mereala \u04102<\/div>\n<\/td>\n<td valign=\"top\">\n<div align=\"center\">200 EUR<\/div>\n<\/td>\n<\/tr>\n<tr>\n<td valign=\"top\">\n<div align=\"center\">Mereala \u04103<\/div>\n<\/td>\n<td valign=\"top\">\n<div align=\"center\">300 EUR<\/div>\n<\/td>\n<\/tr>\n<tr>\n<td colspan=\"2\" valign=\"top\">Sisaldab aastaset varustuse kontrolli laevaomaniku tellimuse j\u00e4rgi<\/td>\n<\/tr>\n<\/tbody>\n<\/table>\n<p>Eeelt\u00e4hendatud hinnad on v\u00f5imalik muutuda kokkuleppe alusel, paindlik allahindluse s\u00fcsteem.<\/p>\n<p>Seadmete ja varuosade hinnaga \u00fcle 1000 EUR jaoks &#8211; ainult ettemakse tingimustel m\u00fc\u00fck.<\/p>\n","protected":false},"excerpt":{"rendered":"<p>T\u00f6\u00f6aeg (hinnad-EUR\/t) Parandus\/ Paigaldus 09:00-17:00 80 17:00-09:00 120 Riigi p\u00fchap\u00e4evad ja n\u00e4dalavahetused 160 Juhtimine kokkuleppe p\u00f5hjal. S\u00f5iduaeg (EUR\/h) 20 Kilometraa\u017e (EUR\/km) 0,70 L\u00e4hetusraha (EUR\/p\u00e4ev) 75 Lisakulud (hotell, piletid, takso ja muud) laevaomaniku arvel. Aasta leping (SBM) Mereala \u04101 100 EUR Mereala \u04102 200 EUR Mereala \u04103 300 EUR Sisaldab aastaset varustuse kontrolli laevaomaniku tellimuse j\u00e4rgi [&hellip;]<\/p>\n","protected":false},"author":1,"featured_media":0,"parent":88,"menu_order":2,"comment_status":"closed","ping_status":"closed","template":"","meta":[],"_links":{"self":[{"href":"http:\/\/eml-info.com\/et\/wp-json\/wp\/v2\/pages\/41"}],"collection":[{"href":"http:\/\/eml-info.com\/et\/wp-json\/wp\/v2\/pages"}],"about":[{"href":"http:\/\/eml-info.com\/et\/wp-json\/wp\/v2\/types\/page"}],"author":[{"embeddable":true,"href":"http:\/\/eml-info.com\/et\/wp-json\/wp\/v2\/users\/1"}],"replies":[{"embeddable":true,"href":"http:\/\/eml-info.com\/et\/wp-json\/wp\/v2\/comments?post=41"}],"version-history":[{"count":4,"href":"http:\/\/eml-info.com\/et\/wp-json\/wp\/v2\/pages\/41\/revisions"}],"predecessor-version":[{"id":490,"href":"http:\/\/eml-info.com\/et\/wp-json\/wp\/v2\/pages\/41\/revisions\/490"}],"up":[{"embeddable":true,"href":"http:\/\/eml-info.com\/et\/wp-json\/wp\/v2\/pages\/88"}],"wp:attachment":[{"href":"http:\/\/eml-info.com\/et\/wp-json\/wp\/v2\/media?parent=41"}],"curies":[{"name":"wp","href":"https:\/\/api.w.org\/{rel}","templated":true}]}}