{"id":52,"date":"2015-10-09T17:10:05","date_gmt":"2015-10-09T14:10:05","guid":{"rendered":"http:\/\/eml-info.com\/et\/?page_id=52"},"modified":"2015-10-09T17:15:39","modified_gmt":"2015-10-09T14:15:39","slug":"hooldus","status":"publish","type":"page","link":"http:\/\/eml-info.com\/et\/muuk-ja-teenused\/hooldus\/","title":{"rendered":"Hooldus"},"content":{"rendered":"<p>EML Info CS eesm\u00e4rgiks on olla Eestis parim laevade teenindamisega tegelev ettev\u00f5te.<\/p>\n<p><a href=\"http:\/\/eml-info.com\/wp-content\/uploads\/2015\/10\/164ior.jpg\"><img decoding=\"async\" loading=\"lazy\" class=\"alignnone size-medium wp-image-64\" src=\"http:\/\/eml-info.com\/wp-content\/uploads\/2015\/10\/164ior-240x180.jpg\" alt=\"164ior\" width=\"240\" height=\"180\" srcset=\"http:\/\/eml-info.com\/wp-content\/uploads\/2015\/10\/164ior-240x180.jpg 240w, http:\/\/eml-info.com\/wp-content\/uploads\/2015\/10\/164ior-580x435.jpg 580w, http:\/\/eml-info.com\/wp-content\/uploads\/2015\/10\/164ior.jpg 600w\" sizes=\"(max-width: 240px) 100vw, 240px\" \/><\/a> <a href=\"http:\/\/eml-info.com\/wp-content\/uploads\/2015\/10\/165ior.jpg\"><img decoding=\"async\" loading=\"lazy\" class=\"alignnone size-medium wp-image-65\" src=\"http:\/\/eml-info.com\/wp-content\/uploads\/2015\/10\/165ior-240x180.jpg\" alt=\"165ior\" width=\"240\" height=\"180\" srcset=\"http:\/\/eml-info.com\/wp-content\/uploads\/2015\/10\/165ior-240x180.jpg 240w, http:\/\/eml-info.com\/wp-content\/uploads\/2015\/10\/165ior-580x435.jpg 580w, http:\/\/eml-info.com\/wp-content\/uploads\/2015\/10\/165ior.jpg 600w\" sizes=\"(max-width: 240px) 100vw, 240px\" \/><\/a><\/p>\n<p>EML Info CS seab oma eesm\u00e4rgiks \u00f5igeaegse laevaseadmete hoolduse ja kontrolli, et vigaselt t\u00f6\u00f6tavad v\u00f5i rikkis seadmed ei tekitaks ohtlikke olukordi.<\/p>\n<p>Kiirreageerimine on kriitiline just niisuguste probleemide lahendamisel. Me oleme abivalmis 24 tundi \u00f6\u00f6p\u00e4evas ja 7 p\u00e4eval n\u00e4dalas.<\/p>\n<p>S\u00f5ltumata probleemi tekkimise asukohast:<\/p>\n<ul>\n<li>laeva pardal;<\/li>\n<li>naftapuurimisplatvormil;<\/li>\n<li>rahvusvahelises sadamas.<\/li>\n<\/ul>\n<p><a href=\"http:\/\/eml-info.com\/wp-content\/uploads\/2015\/10\/163ior.jpg\"><img decoding=\"async\" loading=\"lazy\" class=\"alignnone size-medium wp-image-63\" src=\"http:\/\/eml-info.com\/wp-content\/uploads\/2015\/10\/163ior-240x180.jpg\" alt=\"163ior\" width=\"240\" height=\"180\" srcset=\"http:\/\/eml-info.com\/wp-content\/uploads\/2015\/10\/163ior-240x180.jpg 240w, http:\/\/eml-info.com\/wp-content\/uploads\/2015\/10\/163ior-580x435.jpg 580w, http:\/\/eml-info.com\/wp-content\/uploads\/2015\/10\/163ior.jpg 600w\" sizes=\"(max-width: 240px) 100vw, 240px\" \/><\/a><\/p>\n<p>Hoiame ennast kursis pidevalt muutuva tehnoloogiaga ja pakume oma klientidele t\u00e4isteenindust ning tehnilist n\u00f5ustamist. T\u00e4nu heale logistikale leiame alati v\u00f5imaluse toimetada kliendile kiiresti vajalik varuosa v\u00f5i seade.<\/p>\n","protected":false},"excerpt":{"rendered":"<p>EML Info CS eesm\u00e4rgiks on olla Eestis parim laevade teenindamisega tegelev ettev\u00f5te. EML Info CS seab oma eesm\u00e4rgiks \u00f5igeaegse laevaseadmete hoolduse ja kontrolli, et vigaselt t\u00f6\u00f6tavad v\u00f5i rikkis seadmed ei tekitaks ohtlikke olukordi. Kiirreageerimine on kriitiline just niisuguste probleemide lahendamisel. Me oleme abivalmis 24 tundi \u00f6\u00f6p\u00e4evas ja 7 p\u00e4eval n\u00e4dalas. S\u00f5ltumata probleemi tekkimise asukohast: laeva [&hellip;]<\/p>\n","protected":false},"author":1,"featured_media":0,"parent":13,"menu_order":1,"comment_status":"closed","ping_status":"closed","template":"","meta":[],"_links":{"self":[{"href":"http:\/\/eml-info.com\/et\/wp-json\/wp\/v2\/pages\/52"}],"collection":[{"href":"http:\/\/eml-info.com\/et\/wp-json\/wp\/v2\/pages"}],"about":[{"href":"http:\/\/eml-info.com\/et\/wp-json\/wp\/v2\/types\/page"}],"author":[{"embeddable":true,"href":"http:\/\/eml-info.com\/et\/wp-json\/wp\/v2\/users\/1"}],"replies":[{"embeddable":true,"href":"http:\/\/eml-info.com\/et\/wp-json\/wp\/v2\/comments?post=52"}],"version-history":[{"count":3,"href":"http:\/\/eml-info.com\/et\/wp-json\/wp\/v2\/pages\/52\/revisions"}],"predecessor-version":[{"id":67,"href":"http:\/\/eml-info.com\/et\/wp-json\/wp\/v2\/pages\/52\/revisions\/67"}],"up":[{"embeddable":true,"href":"http:\/\/eml-info.com\/et\/wp-json\/wp\/v2\/pages\/13"}],"wp:attachment":[{"href":"http:\/\/eml-info.com\/et\/wp-json\/wp\/v2\/media?parent=52"}],"curies":[{"name":"wp","href":"https:\/\/api.w.org\/{rel}","templated":true}]}}