{"id":54,"date":"2015-10-09T17:10:17","date_gmt":"2015-10-09T14:10:17","guid":{"rendered":"http:\/\/eml-info.com\/et\/?page_id=54"},"modified":"2015-10-09T17:17:00","modified_gmt":"2015-10-09T14:17:00","slug":"varuosad","status":"publish","type":"page","link":"http:\/\/eml-info.com\/et\/muuk-ja-teenused\/varuosad\/","title":{"rendered":"Varuosad"},"content":{"rendered":"<p>EML Info CS k\u00e4sutuses on suur valik lisaseadmeid ja varuosi erinevate tootjate seadmete jaoks. Vajaliku osa kiire kohale toimetamine on v\u00f5imalik 24 tundi \u00f6\u00f6p\u00e4evas ja 7 p\u00e4eval n\u00e4dalas.<\/p>\n<p>EML Info CS pakub n\u00f5uandeid varuosade kokkusobivuse kohta. Aitame koostada soovitavate varuosade nimekirja, seda eriti kaua merel viibivatele laevadele.<\/p>\n<p>EML Info CS pakub:<\/p>\n<ul>\n<li>Spetsiaalakusid<\/li>\n<li>Antenne ja pistikuid<\/li>\n<li>Radarite osi<\/li>\n<li>Tr\u00fckkplaate (PCB)<\/li>\n<li>Elektrijaamu<\/li>\n<li>Erinevaid kaableid<\/li>\n<li>elektrikaitsmeid<\/li>\n<li>Magnetrone<\/li>\n<li>G\u00fcrokompassi osi<\/li>\n<li>jne<\/li>\n<\/ul>\n","protected":false},"excerpt":{"rendered":"<p>EML Info CS k\u00e4sutuses on suur valik lisaseadmeid ja varuosi erinevate tootjate seadmete jaoks. Vajaliku osa kiire kohale toimetamine on v\u00f5imalik 24 tundi \u00f6\u00f6p\u00e4evas ja 7 p\u00e4eval n\u00e4dalas. EML Info CS pakub n\u00f5uandeid varuosade kokkusobivuse kohta. Aitame koostada soovitavate varuosade nimekirja, seda eriti kaua merel viibivatele laevadele. EML Info CS pakub: Spetsiaalakusid Antenne ja pistikuid [&hellip;]<\/p>\n","protected":false},"author":1,"featured_media":0,"parent":13,"menu_order":2,"comment_status":"closed","ping_status":"closed","template":"","meta":[],"_links":{"self":[{"href":"http:\/\/eml-info.com\/et\/wp-json\/wp\/v2\/pages\/54"}],"collection":[{"href":"http:\/\/eml-info.com\/et\/wp-json\/wp\/v2\/pages"}],"about":[{"href":"http:\/\/eml-info.com\/et\/wp-json\/wp\/v2\/types\/page"}],"author":[{"embeddable":true,"href":"http:\/\/eml-info.com\/et\/wp-json\/wp\/v2\/users\/1"}],"replies":[{"embeddable":true,"href":"http:\/\/eml-info.com\/et\/wp-json\/wp\/v2\/comments?post=54"}],"version-history":[{"count":2,"href":"http:\/\/eml-info.com\/et\/wp-json\/wp\/v2\/pages\/54\/revisions"}],"predecessor-version":[{"id":68,"href":"http:\/\/eml-info.com\/et\/wp-json\/wp\/v2\/pages\/54\/revisions\/68"}],"up":[{"embeddable":true,"href":"http:\/\/eml-info.com\/et\/wp-json\/wp\/v2\/pages\/13"}],"wp:attachment":[{"href":"http:\/\/eml-info.com\/et\/wp-json\/wp\/v2\/media?parent=54"}],"curies":[{"name":"wp","href":"https:\/\/api.w.org\/{rel}","templated":true}]}}