{"id":57,"date":"2015-10-09T17:10:35","date_gmt":"2015-10-09T14:10:35","guid":{"rendered":"http:\/\/eml-info.com\/et\/?page_id=57"},"modified":"2015-10-09T17:17:45","modified_gmt":"2015-10-09T14:17:45","slug":"seadmed","status":"publish","type":"page","link":"http:\/\/eml-info.com\/et\/muuk-ja-teenused\/seadmed\/","title":{"rendered":"Seadmed"},"content":{"rendered":"<p>EML Info CS teostab uuete seadmete tarnesf\u00e4\u00e4ris klientide n\u00f5uede ja soovide efektiivset anal\u00fc\u00fcsi.<\/p>\n<p>Vajadusel saab firma v\u00e4lja t\u00f6\u00f6tama individuaalprojekti jaoks integreeritavaid s\u00fcsteeme. Firma saab ka uut varustust paigaldada teostades kaabliteede rajamist, konsoolide valmistamist, antennipostide ja -kinnituste tootmist.<\/p>\n<p>EML Info CS Ltd vajaduse korral v\u00f5ib pakkuda klientidele mitult erinevatelt tootjatelt seadmete valikut.<\/p>\n<p>K\u00f5ik seadmed on sertsifitserritud vastavalt Wheelmark-i n\u00f5udmistele.<\/p>\n","protected":false},"excerpt":{"rendered":"<p>EML Info CS teostab uuete seadmete tarnesf\u00e4\u00e4ris klientide n\u00f5uede ja soovide efektiivset anal\u00fc\u00fcsi. Vajadusel saab firma v\u00e4lja t\u00f6\u00f6tama individuaalprojekti jaoks integreeritavaid s\u00fcsteeme. Firma saab ka uut varustust paigaldada teostades kaabliteede rajamist, konsoolide valmistamist, antennipostide ja -kinnituste tootmist. EML Info CS Ltd vajaduse korral v\u00f5ib pakkuda klientidele mitult erinevatelt tootjatelt seadmete valikut. K\u00f5ik seadmed on sertsifitserritud [&hellip;]<\/p>\n","protected":false},"author":1,"featured_media":0,"parent":13,"menu_order":3,"comment_status":"closed","ping_status":"closed","template":"","meta":[],"_links":{"self":[{"href":"http:\/\/eml-info.com\/et\/wp-json\/wp\/v2\/pages\/57"}],"collection":[{"href":"http:\/\/eml-info.com\/et\/wp-json\/wp\/v2\/pages"}],"about":[{"href":"http:\/\/eml-info.com\/et\/wp-json\/wp\/v2\/types\/page"}],"author":[{"embeddable":true,"href":"http:\/\/eml-info.com\/et\/wp-json\/wp\/v2\/users\/1"}],"replies":[{"embeddable":true,"href":"http:\/\/eml-info.com\/et\/wp-json\/wp\/v2\/comments?post=57"}],"version-history":[{"count":2,"href":"http:\/\/eml-info.com\/et\/wp-json\/wp\/v2\/pages\/57\/revisions"}],"predecessor-version":[{"id":69,"href":"http:\/\/eml-info.com\/et\/wp-json\/wp\/v2\/pages\/57\/revisions\/69"}],"up":[{"embeddable":true,"href":"http:\/\/eml-info.com\/et\/wp-json\/wp\/v2\/pages\/13"}],"wp:attachment":[{"href":"http:\/\/eml-info.com\/et\/wp-json\/wp\/v2\/media?parent=57"}],"curies":[{"name":"wp","href":"https:\/\/api.w.org\/{rel}","templated":true}]}}