{"id":7,"date":"2015-10-09T15:17:16","date_gmt":"2015-10-09T12:17:16","guid":{"rendered":"http:\/\/eml-info.com\/et\/?page_id=7"},"modified":"2019-08-05T15:41:33","modified_gmt":"2019-08-05T12:41:33","slug":"uldinfo","status":"publish","type":"page","link":"http:\/\/eml-info.com\/et\/firmast\/uldinfo\/","title":{"rendered":"\u00dcldinfo"},"content":{"rendered":"<p><strong>EML Info CS O\u00dc on Tallinnas asuv laevandust teenindav ettev\u00f5tte.<\/strong><\/p>\n<p style=\"text-align: justify;\"><strong>Meie firma pakub j\u00e4rgmiseid tenuseid:<\/strong><\/p>\n<ul style=\"text-align: justify;\">\n<li>Laevade navigatsioni- ja sidevahendite (radarid, ARPA\/radarid, g\u00fcrokompassid, kajaloodid, UHF &amp; VHF k\u00e4sijaamad, GPS, GMDSS, jne.) ning nende varuosade tarnimine<\/li>\n<li>Seadmete paigaldamine, kontrollimine ja rakendamine<\/li>\n<li>Laevade raadio- ja navigatsiolvahendite kontroll<\/li>\n<li>Raadio- ja magnetkompasside deviatsiooni eemaldamist\u00f6\u00f6d<\/li>\n<li>Projekterimist\u00f6\u00f6d GMDSS ja laevajuhtimise seadmete paigaldamiseks<\/li>\n<li>VDR, VTS, AIS, PAS jne. paigaldamine ja projekteerimine<\/li>\n<li>Navigatsiooni-, kontrolli- ja sidevahendite parandus.<\/li>\n<\/ul>\n<p><strong>Seadmed ttendindusel:<\/strong><\/p>\n<table>\n<tbody>\n<tr>\n<td><strong>\u00a0\u00a0\u00a0\u00a0\u00a0 GMDSS<\/strong><\/td>\n<td><strong>\u00a0\u00a0\u00a0\u00a0 Navigation<\/strong><\/td>\n<\/tr>\n<tr>\n<td>\n<ul>\n<li>VHF<\/li>\n<li>MF\/HF<\/li>\n<li>EPIRB<\/li>\n<li>SART<\/li>\n<li>Inmarsat C<\/li>\n<li>Navtex<\/li>\n<li>GPS<\/li>\n<li>Emergency batteries<\/li>\n<li>LRIT<\/li>\n<li>SSAS<\/li>\n<li>PAS<\/li>\n<\/ul>\n<\/td>\n<td>\n<ul>\n<li>ECDIS \/ ECS<\/li>\n<li>Radar: EPA, ATA, ARPA<\/li>\n<li>Gyrocompass<\/li>\n<li>Magnetic compass<\/li>\n<li>Echosounder<\/li>\n<li>Speed log<\/li>\n<li>Autopilot<\/li>\n<li>GPS<\/li>\n<li>AIS<\/li>\n<li>VDR \/ S-VDR<\/li>\n<\/ul>\n<\/td>\n<\/tr>\n<\/tbody>\n<\/table>\n<p style=\"text-align: justify;\"><strong>EML Info CS AS on j\u00e4rgmiste firmade ametlik esindaja:<\/strong><\/p>\n<p style=\"text-align: justify;\">Raytheon Anschutz, Consilium, Kannad, AC Marine, Thrane &amp; Thrane, Danelec, JRC, MNS, MUSSON-MORSVIAZ-SERVICE, Komponent, SKB Radio, RADIOMA, GORIZONT, Radiocom Baltic, Imtech Marine ( Jotron, Stento, Koden, Furuno) ning teised.<\/p>\n<p style=\"text-align: justify;\"><strong>Meie teenindav personaal on sertifitseeritud:<\/strong><\/p>\n<p style=\"text-align: justify;\">Ratheon Anschutz, JRC, Consilium, SAM Electronics, Beijing Highlander Digital, Samyung Electronic, Thrane &amp; Thrane, Danelec, Selex Communications, Unicont, Transas Marine, ICOM, GORIZONT, MUSSON-MORSVIAZ-SERVICE, Komponent, Furuno ning teiste tootjate poolt.<\/p>\n<p><a href=\"http:\/\/eml-info.com\/wp-content\/uploads\/2015\/10\/P4190007.jpg\"><img decoding=\"async\" loading=\"lazy\" class=\"size-medium wp-image-345 alignright\" src=\"http:\/\/eml-info.com\/wp-content\/uploads\/2015\/10\/P4190007-240x180.jpg\" alt=\"OLYMPUS DIGITAL CAMERA\" width=\"240\" height=\"180\" srcset=\"http:\/\/eml-info.com\/wp-content\/uploads\/2015\/10\/P4190007-240x180.jpg 240w, http:\/\/eml-info.com\/wp-content\/uploads\/2015\/10\/P4190007-768x576.jpg 768w, http:\/\/eml-info.com\/wp-content\/uploads\/2015\/10\/P4190007-580x435.jpg 580w, http:\/\/eml-info.com\/wp-content\/uploads\/2015\/10\/P4190007.jpg 1600w\" sizes=\"(max-width: 240px) 100vw, 240px\" \/><\/a><\/p>\n<p style=\"text-align: justify;\">Meie t\u00f6tajad teenindavad laevu j\u00e4rgmistes Balti riikide ja Venemaa sadamates: Tallinn, Muuga, P\u00e4rnu, Paldiski, Loksa, Kunda, Rohuk\u00fcla, Virtsu, Dirhami, Kuivastu, Riia, Ventspils, Klaipeda, Kaliningrad, V\u00f5borg, St. Petersburg ja veel m\u00f5nes Skandinaavia ning L\u00e4\u00e4ne Euroopa sadamas. Vajadusel saadame oma spetsialisti \u00fcksk\u00f5ik milisese sadamasse \u00fcle kogu maailma.<\/p>\n<p style=\"text-align: justify;\">Oleme v\u00e4lja t\u00f6\u00f6tanud eeskirjad, et tagada t\u00f6\u00f6 kvaliteet vastavalt ISO 9001:2015 standardile.<\/p>\n<p style=\"text-align: justify;\">Meie ettev\u00f5ttes on olemas SOLAS, IMO, ITU poolt v\u00e4lja antud kirjandus, lisaks tagame alati info k\u00f5igi muudatuste kohta.<\/p>\n<p style=\"text-align: justify;\">Ettev\u00f5ttel EML Info CS on luba teostada GMDSS ja raadionavigatsiooniseadmete kontrolli. Luba on v\u00e4lja antud j\u00e4rgmiste organisatsioonide poolt:<br \/>\nLloyd&#8217;s Register, DNV-GL, Bureau Veritas, Russian Register of Shipping, RINA.<\/p>\n<p style=\"text-align: justify;\">Omame Veeteede Ameti poolt v\u00e4ljastatud sertifikaati.<\/p>\n<p style=\"text-align: justify;\">EML Info CS AS on ITU poolt tuntud, kui laevade raadio- ja sateliitkommunikatsiooni lahendustega tegelev organisatsioon. Omame identifitseerimiskoodi (AAIC) EE04 ja aktiveerimiskeskuse koodi 3147.<\/p>\n","protected":false},"excerpt":{"rendered":"<p>EML Info CS O\u00dc on Tallinnas asuv laevandust teenindav ettev\u00f5tte. Meie firma pakub j\u00e4rgmiseid tenuseid: Laevade navigatsioni- ja sidevahendite (radarid, ARPA\/radarid, g\u00fcrokompassid, kajaloodid, UHF &amp; VHF k\u00e4sijaamad, GPS, GMDSS, jne.) ning nende varuosade tarnimine Seadmete paigaldamine, kontrollimine ja rakendamine Laevade raadio- ja navigatsiolvahendite kontroll Raadio- ja magnetkompasside deviatsiooni eemaldamist\u00f6\u00f6d Projekterimist\u00f6\u00f6d GMDSS ja laevajuhtimise seadmete paigaldamiseks [&hellip;]<\/p>\n","protected":false},"author":1,"featured_media":0,"parent":88,"menu_order":1,"comment_status":"closed","ping_status":"closed","template":"","meta":[],"_links":{"self":[{"href":"http:\/\/eml-info.com\/et\/wp-json\/wp\/v2\/pages\/7"}],"collection":[{"href":"http:\/\/eml-info.com\/et\/wp-json\/wp\/v2\/pages"}],"about":[{"href":"http:\/\/eml-info.com\/et\/wp-json\/wp\/v2\/types\/page"}],"author":[{"embeddable":true,"href":"http:\/\/eml-info.com\/et\/wp-json\/wp\/v2\/users\/1"}],"replies":[{"embeddable":true,"href":"http:\/\/eml-info.com\/et\/wp-json\/wp\/v2\/comments?post=7"}],"version-history":[{"count":9,"href":"http:\/\/eml-info.com\/et\/wp-json\/wp\/v2\/pages\/7\/revisions"}],"predecessor-version":[{"id":430,"href":"http:\/\/eml-info.com\/et\/wp-json\/wp\/v2\/pages\/7\/revisions\/430"}],"up":[{"embeddable":true,"href":"http:\/\/eml-info.com\/et\/wp-json\/wp\/v2\/pages\/88"}],"wp:attachment":[{"href":"http:\/\/eml-info.com\/et\/wp-json\/wp\/v2\/media?parent=7"}],"curies":[{"name":"wp","href":"https:\/\/api.w.org\/{rel}","templated":true}]}}